{"id":613,"date":"2024-12-30T08:37:48","date_gmt":"2024-12-30T08:37:48","guid":{"rendered":"https:\/\/www.airportantalyacarrental.com\/ueber-uns\/"},"modified":"2025-01-29T15:08:42","modified_gmt":"2025-01-29T15:08:42","slug":"ueber-uns","status":"publish","type":"page","link":"https:\/\/www.airportantalyacarrental.com\/de\/ueber-uns\/","title":{"rendered":"\u00dcber uns"},"content":{"rendered":"\t\t<div data-elementor-type=\"wp-page\" data-elementor-id=\"613\" class=\"elementor elementor-613 elementor-18\" data-elementor-post-type=\"page\">\n\t\t\t\t<div class=\"elementor-element elementor-element-e6e7a75 e-flex e-con-boxed e-con e-parent\" data-id=\"e6e7a75\" data-element_type=\"container\" data-e-type=\"container\" data-settings=\"{&quot;jet_parallax_layout_list&quot;:[],&quot;background_background&quot;:&quot;classic&quot;}\">\n\t\t\t\t\t<div class=\"e-con-inner\">\n\t\t<div class=\"elementor-element elementor-element-7db73ef e-con-full e-flex e-con e-child\" data-id=\"7db73ef\" data-element_type=\"container\" data-e-type=\"container\" data-settings=\"{&quot;jet_parallax_layout_list&quot;:[]}\">\n\t\t\t\t<div class=\"elementor-element elementor-element-1c698f0 elementor-widget elementor-widget-image\" data-id=\"1c698f0\" data-element_type=\"widget\" data-e-type=\"widget\" data-widget_type=\"image.default\">\n\t\t\t\t<div class=\"elementor-widget-container\">\n\t\t\t\t\t\t\t\t\t\t\t\t\t\t\t<img fetchpriority=\"high\" decoding=\"async\" width=\"750\" height=\"500\" src=\"https:\/\/www.airportantalyacarrental.com\/wp-content\/uploads\/2025\/01\/Antalya-Kurumsal-Arac-Kiralama.jpg\" class=\"attachment-large size-large wp-image-679\" alt=\"\" srcset=\"https:\/\/www.airportantalyacarrental.com\/wp-content\/uploads\/2025\/01\/Antalya-Kurumsal-Arac-Kiralama.jpg 750w, https:\/\/www.airportantalyacarrental.com\/wp-content\/uploads\/2025\/01\/Antalya-Kurumsal-Arac-Kiralama-300x200.jpg 300w\" sizes=\"(max-width: 750px) 100vw, 750px\" \/>\t\t\t\t\t\t\t\t\t\t\t\t\t\t\t<\/div>\n\t\t\t\t<\/div>\n\t\t\t\t<\/div>\n\t\t<div class=\"elementor-element elementor-element-2f991b6 e-con-full e-flex e-con e-child\" data-id=\"2f991b6\" data-element_type=\"container\" data-e-type=\"container\" data-settings=\"{&quot;jet_parallax_layout_list&quot;:[]}\">\n\t\t\t\t<div class=\"elementor-element elementor-element-fb40814 elementor-widget elementor-widget-heading\" data-id=\"fb40814\" data-element_type=\"widget\" data-e-type=\"widget\" data-widget_type=\"heading.default\">\n\t\t\t\t<div class=\"elementor-widget-container\">\n\t\t\t\t\t<h4 class=\"elementor-heading-title elementor-size-default\">\u00dcber unser Unternehmen<\/h4>\t\t\t\t<\/div>\n\t\t\t\t<\/div>\n\t\t\t\t<div class=\"elementor-element elementor-element-a63df6d elementor-widget elementor-widget-heading\" data-id=\"a63df6d\" data-element_type=\"widget\" data-e-type=\"widget\" data-widget_type=\"heading.default\">\n\t\t\t\t<div class=\"elementor-widget-container\">\n\t\t\t\t\t<h2 class=\"elementor-heading-title elementor-size-default\">Antalya Flughafen Autovermietung<\/h2>\t\t\t\t<\/div>\n\t\t\t\t<\/div>\n\t\t\t\t<div class=\"elementor-element elementor-element-e1eb180 elementor-widget elementor-widget-text-editor\" data-id=\"e1eb180\" data-element_type=\"widget\" data-e-type=\"widget\" data-widget_type=\"text-editor.default\">\n\t\t\t\t<div class=\"elementor-widget-container\">\n\t\t\t\t\t\t\t\t\t<p>Antalya Airport Car Rental, mit Hauptsitz in Antalya, bietet mit 41 Jahren Erfahrung Autovermietungsdienste in 32 verschiedenen St\u00e4dten in der T\u00fcrkei an. Unser langj\u00e4hriger Erfolg verdanken wir unseren gesch\u00e4tzten Kunden. Unser Unternehmen, das stets die Kundenzufriedenheit als oberstes Ziel verfolgt, arbeitet mit einem fachkundigen Team daran, Ihnen ein problemloses und zuverl\u00e4ssiges Autovermietungserlebnis zu bieten.<\/p>\n\t\t\t\t\t\t\t\t<\/div>\n\t\t\t\t<\/div>\n\t\t\t\t<\/div>\n\t\t\t\t\t<\/div>\n\t\t\t\t<\/div>\n\t\t<div class=\"elementor-element elementor-element-0cf78fc e-flex e-con-boxed e-con e-parent\" data-id=\"0cf78fc\" data-element_type=\"container\" data-e-type=\"container\" data-settings=\"{&quot;jet_parallax_layout_list&quot;:[],&quot;background_background&quot;:&quot;classic&quot;}\">\n\t\t\t\t\t<div class=\"e-con-inner\">\n\t\t<div class=\"elementor-element elementor-element-c49f6c1 e-con-full e-flex e-con e-child\" data-id=\"c49f6c1\" data-element_type=\"container\" data-e-type=\"container\" data-settings=\"{&quot;jet_parallax_layout_list&quot;:[]}\">\n\t\t\t\t<div class=\"elementor-element elementor-element-91c62db elementor-widget elementor-widget-heading\" data-id=\"91c62db\" data-element_type=\"widget\" data-e-type=\"widget\" data-widget_type=\"heading.default\">\n\t\t\t\t<div class=\"elementor-widget-container\">\n\t\t\t\t\t<h4 class=\"elementor-heading-title elementor-size-default\">Unsere Mission<\/h4>\t\t\t\t<\/div>\n\t\t\t\t<\/div>\n\t\t\t\t<div class=\"elementor-element elementor-element-104c26c elementor-widget elementor-widget-text-editor\" data-id=\"104c26c\" data-element_type=\"widget\" data-e-type=\"widget\" data-widget_type=\"text-editor.default\">\n\t\t\t\t<div class=\"elementor-widget-container\">\n\t\t\t\t\t\t\t\t\t<p>Als Antalya Airport Car Rental streben wir an, der Autovermietungsbranche eine innovative Perspektive zu verleihen und \u00fcber das traditionelle Serviceverst\u00e4ndnis hinauszugehen. Wir arbeiten rund um die Uhr, um 100% Kundenzufriedenheit zu erreichen und bieten schnelle und effektive L\u00f6sungen f\u00fcr all Ihre Bed\u00fcrfnisse.<\/p>\n\t\t\t\t\t\t\t\t<\/div>\n\t\t\t\t<\/div>\n\t\t\t\t<\/div>\n\t\t<div class=\"elementor-element elementor-element-4d43b26 e-con-full e-flex e-con e-child\" data-id=\"4d43b26\" data-element_type=\"container\" data-e-type=\"container\" data-settings=\"{&quot;jet_parallax_layout_list&quot;:[]}\">\n\t\t\t\t<div class=\"elementor-element elementor-element-f0bae91 elementor-widget elementor-widget-heading\" data-id=\"f0bae91\" data-element_type=\"widget\" data-e-type=\"widget\" data-widget_type=\"heading.default\">\n\t\t\t\t<div class=\"elementor-widget-container\">\n\t\t\t\t\t<h4 class=\"elementor-heading-title elementor-size-default\">Unsere Vision<\/h4>\t\t\t\t<\/div>\n\t\t\t\t<\/div>\n\t\t\t\t<div class=\"elementor-element elementor-element-ec3bb8a elementor-widget elementor-widget-text-editor\" data-id=\"ec3bb8a\" data-element_type=\"widget\" data-e-type=\"widget\" data-widget_type=\"text-editor.default\">\n\t\t\t\t<div class=\"elementor-widget-container\">\n\t\t\t\t\t\t\t\t\t<p>Die Antalya Airport Car Rental Familie hat es sich zum Ziel gesetzt, die Kundenzufriedenheit in allen Bereichen der Autovermietung auf h\u00f6chstem Niveau zu halten. Unser Kundenportfolio, das wir mit 41 Jahren Erfahrung aufgebaut haben, ist der st\u00e4rkste Beweis f\u00fcr dieses Verst\u00e4ndnis. F\u00fcr uns ist die Zufriedenheit eines Kunden wertvoller als unser Unternehmen. Einmalige Inanspruchnahme unserer Dienstleistungen wird ausreichen, um den Unterschied zu erkennen.<\/p>\n\t\t\t\t\t\t\t\t<\/div>\n\t\t\t\t<\/div>\n\t\t\t\t<\/div>\n\t\t\t\t\t<\/div>\n\t\t\t\t<\/div>\n\t\t<div class=\"elementor-element elementor-element-caf8777 e-flex e-con-boxed e-con e-parent\" data-id=\"caf8777\" data-element_type=\"container\" data-e-type=\"container\" data-settings=\"{&quot;jet_parallax_layout_list&quot;:[]}\">\n\t\t\t\t\t<div class=\"e-con-inner\">\n\t\t\t\t<div class=\"elementor-element elementor-element-7d07eb4 elementor-widget elementor-widget-heading\" data-id=\"7d07eb4\" data-element_type=\"widget\" data-e-type=\"widget\" data-widget_type=\"heading.default\">\n\t\t\t\t<div class=\"elementor-widget-container\">\n\t\t\t\t\t<h2 class=\"elementor-heading-title elementor-size-default\">Wie arbeiten wir?<\/h2>\t\t\t\t<\/div>\n\t\t\t\t<\/div>\n\t\t\t\t<div class=\"elementor-element elementor-element-7956b79 elementor-widget-divider--view-line elementor-widget elementor-widget-divider\" data-id=\"7956b79\" data-element_type=\"widget\" data-e-type=\"widget\" data-widget_type=\"divider.default\">\n\t\t\t\t<div class=\"elementor-widget-container\">\n\t\t\t\t\t\t\t<div class=\"elementor-divider\">\n\t\t\t<span class=\"elementor-divider-separator\">\n\t\t\t\t\t\t<\/span>\n\t\t<\/div>\n\t\t\t\t\t\t<\/div>\n\t\t\t\t<\/div>\n\t\t\t\t<div class=\"elementor-element elementor-element-9205732 elementor-widget__width-initial elementor-widget-tablet__width-initial elementor-widget-mobile__width-initial elementor-widget elementor-widget-text-editor\" data-id=\"9205732\" data-element_type=\"widget\" data-e-type=\"widget\" data-widget_type=\"text-editor.default\">\n\t\t\t\t<div class=\"elementor-widget-container\">\n\t\t\t\t\t\t\t\t\t<p>Die Reservierung eines Mietwagens bei unserer Firma, Antalya Flughafen Rent A Car, ist in der Regel ein einfacher Prozess, der die folgenden Schritte umfasst.<\/p>\n\t\t\t\t\t\t\t\t<\/div>\n\t\t\t\t<\/div>\n\t\t<div class=\"elementor-element elementor-element-12f14df e-con-full e-flex e-con e-child\" data-id=\"12f14df\" data-element_type=\"container\" data-e-type=\"container\" data-settings=\"{&quot;jet_parallax_layout_list&quot;:[]}\">\n\t\t\t\t<div class=\"elementor-element elementor-element-a1ad6e4 elementor-widget__width-initial elementor-widget-tablet__width-initial services-box services-icon elementor-view-default elementor-position-block-start elementor-mobile-position-block-start elementor-widget elementor-widget-icon-box\" data-id=\"a1ad6e4\" data-element_type=\"widget\" data-e-type=\"widget\" data-widget_type=\"icon-box.default\">\n\t\t\t\t<div class=\"elementor-widget-container\">\n\t\t\t\t\t\t\t<div class=\"elementor-icon-box-wrapper\">\n\n\t\t\t\t\t\t<div class=\"elementor-icon-box-icon\">\n\t\t\t\t<span  class=\"elementor-icon\">\n\t\t\t\t<svg xmlns=\"http:\/\/www.w3.org\/2000\/svg\" height=\"24px\" viewBox=\"0 -960 960 960\" width=\"24px\" fill=\"#639CD2\"><path d=\"m340.77-385.39 63.85-19.23 63.84 19.23v-25.38l-40-28.46v-109.23l130 41.54v-31.54l-130-78.46V-708q0-9.69-7.08-17.77-7.07-8.08-16.76-8.08-10.31 0-17.08 8.08-6.77 8.08-6.77 17.77v91.08l-130 78.46v31.54l130-41.54v109.23l-40 28.46v25.38ZM604.46-100q-11.54 0-19.84-8-8.31-8-8.31-19.54 0-5.69 2.04-11.58 2.04-5.88 6.5-10.34Q666.62-238.77 733.12-342q66.5-103.23 66.5-208.08 0-75.92-24.2-144.88-24.19-68.96-65.8-116.35-3.85-3.84-5.58-8.73-1.73-4.88-1.73-10.57 0-12.77 8.31-21.08 8.3-8.31 21.07-8.31 6.46 0 12.23 2.42 5.77 2.43 9.62 7.27 49.07 54.23 77.57 131.62 28.5 77.38 28.5 168.61 0 116.39-71.03 229.5-71.04 113.12-161.89 210.12-3.84 4.84-9.81 7.65-5.96 2.81-12.42 2.81Zm-202.15-79.46q117.38-105.08 179.65-201.58 62.27-96.5 62.27-169.04 0-109.38-69.5-179.84-69.5-70.46-172.42-70.46-102.93 0-172.43 70.46t-69.5 179.84q0 72.54 62.27 169.04 62.27 96.5 179.66 201.58Zm0 79.84q-151-130.84-226.46-243.53-75.46-112.7-75.46-206.93 0-138.46 89.57-224.19Q279.54-860 402.31-860t212.34 85.73q89.58 85.73 89.58 224.19 0 94.23-75.46 206.93-75.46 112.69-226.46 243.53Zm0-450.46Z\"><\/path><\/svg>\t\t\t\t<\/span>\n\t\t\t<\/div>\n\t\t\t\n\t\t\t\t\t\t<div class=\"elementor-icon-box-content\">\n\n\t\t\t\t\t\t\t\t\t<h3 class=\"elementor-icon-box-title\">\n\t\t\t\t\t\t<span  >\n\t\t\t\t\t\t\t1. W\u00e4hlen Sie Datum und Ort\t\t\t\t\t\t<\/span>\n\t\t\t\t\t<\/h3>\n\t\t\t\t\n\t\t\t\t\t\t\t\t\t<p class=\"elementor-icon-box-description\">\n\t\t\t\t\t\tKontaktieren Sie uns, um das Datum und den Ort f\u00fcr die Abholung auszuw\u00e4hlen.\t\t\t\t\t<\/p>\n\t\t\t\t\n\t\t\t<\/div>\n\t\t\t\n\t\t<\/div>\n\t\t\t\t\t\t<\/div>\n\t\t\t\t<\/div>\n\t\t\t\t<div class=\"elementor-element elementor-element-ae89b63 elementor-widget__width-initial elementor-widget-tablet__width-initial services-box services-icon elementor-view-default elementor-position-block-start elementor-mobile-position-block-start elementor-widget elementor-widget-icon-box\" data-id=\"ae89b63\" data-element_type=\"widget\" data-e-type=\"widget\" data-widget_type=\"icon-box.default\">\n\t\t\t\t<div class=\"elementor-widget-container\">\n\t\t\t\t\t\t\t<div class=\"elementor-icon-box-wrapper\">\n\n\t\t\t\t\t\t<div class=\"elementor-icon-box-icon\">\n\t\t\t\t<span  class=\"elementor-icon\">\n\t\t\t\t<svg xmlns=\"http:\/\/www.w3.org\/2000\/svg\" height=\"24px\" viewBox=\"0 -960 960 960\" width=\"24px\" fill=\"#639CD2\"><path d=\"M480-100q-101.38 0-165.69-29.1T250-204.23q0-21.31 16.04-40.08t44.35-32.23l47.23 42.85q-12.85 5.15-27.01 12.84-14.15 7.7-19.38 16.23 9.92 17.93 59.04 31.27Q419.38-160 479.81-160q60.42 0 110.04-13.35 49.61-13.34 59.54-31.27-5.08-9.15-20.5-16.84-15.43-7.69-29.27-12.85l46.61-43.46q30.69 14.08 47.23 32.85Q710-226.15 710-204.4q0 46.11-64.31 75.25Q581.38-100 480-100Zm1-195q99.38-75.31 149.19-149.19Q680-518.08 680-590.92q0-103.53-64.81-156.3-64.81-52.78-135-52.78T345-747.19q-65 52.8-65 156.38 0 68.04 49.19 141.12T481-295Zm-1 75q-130.93-97.89-195.46-190.14Q220-502.38 220-590.86q0-66.83 23.58-117.06 23.58-50.23 60.88-84.12 37.31-33.88 83.72-50.92Q434.58-860 480.06-860t91.82 17.04q46.35 17.04 83.66 50.92 37.3 33.89 60.88 84.15Q740-657.63 740-590.92q0 88.49-64.54 180.75Q610.93-317.91 480-220Zm.19-304.23q29.73 0 50.92-21 21.2-21 21.2-51.12 0-30.11-21.24-51.3-21.24-21.2-51.07-21.2-29.54 0-50.92 21.24-21.39 21.25-21.39 51.07 0 30.31 21.39 51.31 21.38 21 51.11 21Zm-.19-72.31Z\"><\/path><\/svg>\t\t\t\t<\/span>\n\t\t\t<\/div>\n\t\t\t\n\t\t\t\t\t\t<div class=\"elementor-icon-box-content\">\n\n\t\t\t\t\t\t\t\t\t<h3 class=\"elementor-icon-box-title\">\n\t\t\t\t\t\t<span  >\n\t\t\t\t\t\t\t2. Abholstationen\t\t\t\t\t\t<\/span>\n\t\t\t\t\t<\/h3>\n\t\t\t\t\n\t\t\t\t\t\t\t\t\t<p class=\"elementor-icon-box-description\">\n\t\t\t\t\t\tWir werden vor Ihnen am Abholort ankommen und auf die \u00dcbergabe warten.\t\t\t\t\t<\/p>\n\t\t\t\t\n\t\t\t<\/div>\n\t\t\t\n\t\t<\/div>\n\t\t\t\t\t\t<\/div>\n\t\t\t\t<\/div>\n\t\t\t\t<div class=\"elementor-element elementor-element-e19985d elementor-widget__width-initial elementor-widget-tablet__width-initial services-icon elementor-view-default elementor-position-block-start elementor-mobile-position-block-start elementor-widget elementor-widget-icon-box\" data-id=\"e19985d\" data-element_type=\"widget\" data-e-type=\"widget\" data-widget_type=\"icon-box.default\">\n\t\t\t\t<div class=\"elementor-widget-container\">\n\t\t\t\t\t\t\t<div class=\"elementor-icon-box-wrapper\">\n\n\t\t\t\t\t\t<div class=\"elementor-icon-box-icon\">\n\t\t\t\t<span  class=\"elementor-icon\">\n\t\t\t\t<svg xmlns=\"http:\/\/www.w3.org\/2000\/svg\" height=\"24px\" viewBox=\"0 -960 960 960\" width=\"24px\" fill=\"#639CD2\"><path d=\"M327.69-682.31q-45.83 0-77.91-32.07-32.09-32.07-32.09-77.88 0-45.82 32.09-77.93 32.08-32.12 77.91-32.12 36.85 0 65.73 22.7 28.89 22.69 40.58 57.3h308.31v60h-40v80h-60v-80H434q-11.69 34.62-40.58 57.31-28.88 22.69-65.73 22.69Zm0-60q20.85 0 35.43-14.57 14.57-14.58 14.57-35.43 0-20.84-14.57-35.42-14.58-14.58-35.43-14.58-20.84 0-35.42 14.58-14.58 14.58-14.58 35.42 0 20.85 14.58 35.43 14.58 14.57 35.42 14.57Zm24.62 470.77q14.69 0 25.04-10.35 10.34-10.34 10.34-25.03 0-14.7-10.34-25.04-10.35-10.35-25.04-10.35-14.7 0-25.04 10.35-10.35 10.34-10.35 25.04 0 14.69 10.35 25.03 10.34 10.35 25.04 10.35Zm255.38 0q14.7 0 25.04-10.35 10.35-10.34 10.35-25.03 0-14.7-10.35-25.04-10.34-10.35-25.04-10.35-14.69 0-25.04 10.35-10.34 10.34-10.34 25.04 0 14.69 10.34 25.03 10.35 10.35 25.04 10.35ZM220-379.85l62.92-182q3.85-11.3 13.08-18.19 9.23-6.88 20.46-6.88h327.08q11.23 0 20.46 6.88 9.23 6.89 13.08 18.19l62.92 182V-132q0 10.97-7.05 18.02-7.06 7.05-18.03 7.05h-9.84q-10.97 0-18.03-7.05Q680-121.03 680-132v-54.93H280V-132q0 10.97-7.05 18.02-7.06 7.05-18.03 7.05h-9.84q-10.97 0-18.03-7.05Q220-121.03 220-132v-247.85Zm79.08-47.07h361.84l-34.92-100H334l-34.92 100Zm-19.08 60v120-120Zm0 120h400v-120H280v120Z\"><\/path><\/svg>\t\t\t\t<\/span>\n\t\t\t<\/div>\n\t\t\t\n\t\t\t\t\t\t<div class=\"elementor-icon-box-content\">\n\n\t\t\t\t\t\t\t\t\t<h3 class=\"elementor-icon-box-title\">\n\t\t\t\t\t\t<span  >\n\t\t\t\t\t\t\t3. Reservieren Sie Ihr Auto\t\t\t\t\t\t<\/span>\n\t\t\t\t\t<\/h3>\n\t\t\t\t\n\t\t\t\t\t\t\t\t\t<p class=\"elementor-icon-box-description\">\n\t\t\t\t\t\tIhr Auto wird f\u00fcr die von Ihnen gew\u00fcnschten Daten reserviert, damit Sie ohne Fahrzeug bleiben.\t\t\t\t\t<\/p>\n\t\t\t\t\n\t\t\t<\/div>\n\t\t\t\n\t\t<\/div>\n\t\t\t\t\t\t<\/div>\n\t\t\t\t<\/div>\n\t\t\t\t<\/div>\n\t\t\t\t<div class=\"elementor-element elementor-element-c22f48c elementor-widget__width-initial elementor-align-justify elementor-widget-tablet__width-initial elementor-widget-mobile__width-initial elementor-widget elementor-widget-button\" data-id=\"c22f48c\" data-element_type=\"widget\" data-e-type=\"widget\" data-widget_type=\"button.default\">\n\t\t\t\t<div class=\"elementor-widget-container\">\n\t\t\t\t\t\t\t\t\t<div class=\"elementor-button-wrapper\">\n\t\t\t\t\t<a class=\"elementor-button elementor-button-link elementor-size-sm\" href=\"https:\/\/www.airportantalyacarrental.com\/de\/unsere-fahrzeuge\/\">\n\t\t\t\t\t\t<span class=\"elementor-button-content-wrapper\">\n\t\t\t\t\t\t<span class=\"elementor-button-icon\">\n\t\t\t\t<svg aria-hidden=\"true\" class=\"e-font-icon-svg e-fas-arrow-right\" viewBox=\"0 0 448 512\" xmlns=\"http:\/\/www.w3.org\/2000\/svg\"><path d=\"M190.5 66.9l22.2-22.2c9.4-9.4 24.6-9.4 33.9 0L441 239c9.4 9.4 9.4 24.6 0 33.9L246.6 467.3c-9.4 9.4-24.6 9.4-33.9 0l-22.2-22.2c-9.5-9.5-9.3-25 .4-34.3L311.4 296H24c-13.3 0-24-10.7-24-24v-32c0-13.3 10.7-24 24-24h287.4L190.9 101.2c-9.8-9.3-10-24.8-.4-34.3z\"><\/path><\/svg>\t\t\t<\/span>\n\t\t\t\t\t\t\t\t\t<span class=\"elementor-button-text\">Mietwagen anzeigen<\/span>\n\t\t\t\t\t<\/span>\n\t\t\t\t\t<\/a>\n\t\t\t\t<\/div>\n\t\t\t\t\t\t\t\t<\/div>\n\t\t\t\t<\/div>\n\t\t\t\t\t<\/div>\n\t\t\t\t<\/div>\n\t\t\t\t<\/div>\n\t\t","protected":false},"excerpt":{"rendered":"<p>\u00dcber unser Unternehmen Antalya Flughafen Autovermietung Antalya Airport Car Rental, mit Hauptsitz in Antalya, bietet mit 41 Jahren Erfahrung Autovermietungsdienste in 32 verschiedenen St\u00e4dten in der T\u00fcrkei an. Unser langj\u00e4hriger Erfolg verdanken wir unseren gesch\u00e4tzten Kunden. Unser Unternehmen, das stets die Kundenzufriedenheit als oberstes Ziel verfolgt, arbeitet mit einem fachkundigen Team daran, Ihnen ein problemloses [&hellip;]<\/p>\n","protected":false},"author":1,"featured_media":0,"parent":0,"menu_order":0,"comment_status":"closed","ping_status":"closed","template":"","meta":{"footnotes":""},"class_list":["post-613","page","type-page","status-publish","hentry"],"_links":{"self":[{"href":"https:\/\/www.airportantalyacarrental.com\/de\/wp-json\/wp\/v2\/pages\/613","targetHints":{"allow":["GET"]}}],"collection":[{"href":"https:\/\/www.airportantalyacarrental.com\/de\/wp-json\/wp\/v2\/pages"}],"about":[{"href":"https:\/\/www.airportantalyacarrental.com\/de\/wp-json\/wp\/v2\/types\/page"}],"author":[{"embeddable":true,"href":"https:\/\/www.airportantalyacarrental.com\/de\/wp-json\/wp\/v2\/users\/1"}],"replies":[{"embeddable":true,"href":"https:\/\/www.airportantalyacarrental.com\/de\/wp-json\/wp\/v2\/comments?post=613"}],"version-history":[{"count":0,"href":"https:\/\/www.airportantalyacarrental.com\/de\/wp-json\/wp\/v2\/pages\/613\/revisions"}],"wp:attachment":[{"href":"https:\/\/www.airportantalyacarrental.com\/de\/wp-json\/wp\/v2\/media?parent=613"}],"curies":[{"name":"wp","href":"https:\/\/api.w.org\/{rel}","templated":true}]}}